{"id":85,"date":"2025-06-23T05:08:09","date_gmt":"2025-06-23T05:08:09","guid":{"rendered":"https:\/\/pintaric-stage.roakon.cloud\/index.php\/cart\/"},"modified":"2026-03-13T06:15:54","modified_gmt":"2026-03-13T06:15:54","slug":"cart","status":"publish","type":"page","link":"https:\/\/avtoodpad-maribor.si\/cart\/","title":{"rendered":"Cart"},"content":{"rendered":"\t\t<div data-elementor-type=\"wp-page\" data-elementor-id=\"85\" class=\"elementor elementor-85\" data-elementor-post-type=\"page\">\n\t\t\t\t<div class=\"elementor-element elementor-element-5bad688 e-flex e-con-boxed wpr-particle-no wpr-jarallax-no wpr-parallax-no wpr-sticky-section-no e-con e-parent\" data-id=\"5bad688\" data-element_type=\"container\" data-e-type=\"container\">\n\t\t\t\t\t<div class=\"e-con-inner\">\n\t\t\t\t<div class=\"elementor-element elementor-element-d83ae60 wpr-cart-vertical wpr-checkout-flex-end elementor-widget elementor-widget-wpr-page-cart\" data-id=\"d83ae60\" data-element_type=\"widget\" data-e-type=\"widget\" data-widget_type=\"wpr-page-cart.default\">\n\t\t\t\t<div class=\"elementor-widget-container\">\n\t\t\t\t\t<div class=\"woocommerce\"><div class=\"woocommerce-notices-wrapper\"><\/div><div class=\"wc-empty-cart-message\">\n\t<div class=\"cart-empty woocommerce-info\">\n\t\tVa\u0161a ko\u0161arica je trenutno prazna.\t<\/div>\n<\/div>\t<p class=\"return-to-shop\">\n\t\t<a class=\"button wc-backward\" href=\"https:\/\/avtoodpad-maribor.si\/trgovina\/\">\n\t\t\tNazaj v trgovino\t\t<\/a>\n\t<\/p>\n<\/div>\t\t\t\t<\/div>\n\t\t\t\t<\/div>\n\t\t\t\t\t<\/div>\n\t\t\t\t<\/div>\n\t\t\t\t<\/div>\n\t\t","protected":false},"excerpt":{"rendered":"<p>&nbsp; Izdelek &nbsp; Cena Koli\u010dina Delni znesek &times; Audi A6 avant 2006 zadnji amortizer 25,00&nbsp;&euro; Audi A6 avant 2006 zadnji amortizer koli\u010dina 25,00&nbsp;&euro; Posodobi ko\u0161arico Uporabi kupon Skupaj Delni znesek 25,00&nbsp;&euro; Dostava Osnovna stopnja: 30,00&nbsp;&euro; Osebni prevzem Dostava na Slova\u0161ka. Spremeni naslov Dr\u017eava \/ regija Izberi dr\u017eavo \/ regijo&hellip;Afganistan\u00c5land IslandsAlbanijaAl\u017eirijaAmeri\u0161ka SamoaAndoraAngolaAngvilaAntarktikaAntigva in BarbudaArgentinaArmenijaArubaAvstralijaAvstrijaAzerbajd\u017eanBahamiBahrajnBanglade\u0161BarbadosBelauBelgijaBelizeBelorusijaBeninBermudiBocvanaBolgarijaBolivijaBonaire, Saint Eustatius in SabaBosna in HercegovinaBo\u017ei\u010dni otokBrazilijaBritanski Devi\u0161ki otokiBritansko ozemlje v Indijskem oceanuBrunejBurkina FasoBurundiButanCiperCookovi otokiCuracao\u010cad\u010ce\u0161ka Republika\u010cile\u010crna GoraDanskaDevi\u0161ki otoki Zdru\u017eenih dr\u017eavDjiboutiDominikaDominikanska republikaEgiptEkvadorEkvatorijalna GvinejaEritrejaEstonijaEswatiniEtiopijaFalklandski OtokiFerski OtokiFid\u017eiFilipiniFinskaFrancijaFrancoska GvajanaFrancoska ju\u017ena in antarkti\u010dna ozemljaFrancoska PolinezijaGabonGambijaGanaGibraltarGr\u010dijaGrenadaGrenlandijaGruzijaGuadeloupeGuamGuernseyGvajanaGvatemalaGvinejaGvineja-BissauHaitiHondurasHong KongHrva\u0161kaIndijaIndonezijaIrakIranIrskaIslandijaItalijaIzraelJamajkaJaponskaJemenJerseyJordanijaJu\u017ena AfrikaJu\u017ena Georgia in Ju\u017eni Sandwichevi otokiJu\u017ena KorejaJu\u017eni SudanKajmanski OtokiKambod\u017eaKamerunKanadaKatarKazahstanKenijaKirgizistanKiribatiKitajskaKokosovi otokiKolumbijaKomoriKongo (Brazzaville)Kongo (Kin\u0161asa)KostarikaKubaKuvajtLaosLatvijaLesotoLibanonLiberijaLibijaLiechtensteinLitvaLuksemburgMacaoMadagaskarMad\u017earskaMalaviMaldiviMalezijaMaliMaltaManj\u0161i zunanji otoki Zdru\u017eenih Dr\u017eav AmerikeMarokoMarshallovi otokiMartinikMavretanijaMavricijMayotteMehikaMikronezijaMjanmarMoldavijaMonakoMongolijaMontserratMozambikNamibijaNauruNem\u010dijaNepalNigerNigerijaNikaragvaNiueNizozemskaNorfol\u0161ki otokNorve\u0161kaNova KaledonijaNova ZelandijaOmanOtok BouvetOtok Heard in oto\u010dje McDonaldOtok ManOtoki Turks in CaicosOzemlje PalestinePakistanPanamaPapua Nova GvinejaParagvajPeruPitcairnovi otokiPoljskaPortorikoPortugalskaReunionRomunijaRuandaRusijaSaint Pierre in MiquelonSalomonovi OtokiSalvadorSamoaSan MarinoSavdska ArabijaSej\u0161eliSenegalSeverna KorejaSeverna MakedonijaSeverni Marijanski otokiSierra LeoneSingapurSirijaSlonoko\u0161\u010dena obalaSlova\u0161kaSlovenijaSomalijaSrbijaSrednjeafri\u0161ka republikaSudanSurinamSvalbard in Jan MayenSveta HelenaSveta LucijaSveti BartolomejSveti Kri\u0161tof in NevisSveti Martin (francoski del)Sveti Martin (nizozemski del)Sveti Toma\u017e in PrincSveti Vincencij in Grenadine\u0160panija\u0160rilanka\u0160vedska\u0160vicaTad\u017eikistanTajskaTajvanTanzanijaTogoTokelauTongaTrinidad in TobagoTunizijaTur\u010dijaTurkmenistanTuvaluUgandaUkrajinaUrugvajUzbekistanVanuatuVatikanVelika Britanija (UK)VenezuelaVietnamVzhodni TimorWallis in FutunaZahodna SaharaZambijaZdru\u017eene Dr\u017eave Amerike (ZDA)Zdru\u017eeni arabski emiratiZelenortski otokiZimbabve Mesto: Po\u0161tna \u0161tevilka: Posodobi Znesek 55,00&nbsp;&euro; Nadaljuj na zaklju\u010dek nakupa<\/p>\n","protected":false},"author":1,"featured_media":0,"parent":0,"menu_order":0,"comment_status":"closed","ping_status":"closed","template":"elementor_header_footer","meta":{"_eb_attr":"","footnotes":""},"class_list":["post-85","page","type-page","status-publish","hentry"],"yoast_head":"<!-- This site is optimized with the Yoast SEO plugin v27.3 - https:\/\/yoast.com\/product\/yoast-seo-wordpress\/ -->\n<title>Cart - Avtokomplet Pintari\u010d<\/title>\n<meta name=\"robots\" content=\"index, follow, max-snippet:-1, max-image-preview:large, max-video-preview:-1\" \/>\n<link rel=\"canonical\" href=\"https:\/\/avtoodpad-maribor.si\/cart\/\" \/>\n<meta property=\"og:locale\" content=\"sl_SI\" \/>\n<meta property=\"og:type\" content=\"article\" \/>\n<meta property=\"og:title\" content=\"Cart - Avtokomplet Pintari\u010d\" \/>\n<meta property=\"og:description\" content=\"&nbsp; Izdelek &nbsp; Cena Koli\u010dina Delni znesek &times; Audi A6 avant 2006 zadnji amortizer 25,00&nbsp;&euro; Audi A6 avant 2006 zadnji amortizer koli\u010dina 25,00&nbsp;&euro; Posodobi ko\u0161arico Uporabi kupon Skupaj Delni znesek 25,00&nbsp;&euro; Dostava Osnovna stopnja: 30,00&nbsp;&euro; Osebni prevzem Dostava na Slova\u0161ka. Spremeni naslov Dr\u017eava \/ regija Izberi dr\u017eavo \/ regijo&hellip;Afganistan\u00c5land IslandsAlbanijaAl\u017eirijaAmeri\u0161ka SamoaAndoraAngolaAngvilaAntarktikaAntigva in BarbudaArgentinaArmenijaArubaAvstralijaAvstrijaAzerbajd\u017eanBahamiBahrajnBanglade\u0161BarbadosBelauBelgijaBelizeBelorusijaBeninBermudiBocvanaBolgarijaBolivijaBonaire, Saint Eustatius in SabaBosna in HercegovinaBo\u017ei\u010dni otokBrazilijaBritanski Devi\u0161ki otokiBritansko ozemlje v Indijskem oceanuBrunejBurkina FasoBurundiButanCiperCookovi otokiCuracao\u010cad\u010ce\u0161ka Republika\u010cile\u010crna GoraDanskaDevi\u0161ki otoki Zdru\u017eenih dr\u017eavDjiboutiDominikaDominikanska republikaEgiptEkvadorEkvatorijalna GvinejaEritrejaEstonijaEswatiniEtiopijaFalklandski OtokiFerski OtokiFid\u017eiFilipiniFinskaFrancijaFrancoska GvajanaFrancoska ju\u017ena in antarkti\u010dna ozemljaFrancoska PolinezijaGabonGambijaGanaGibraltarGr\u010dijaGrenadaGrenlandijaGruzijaGuadeloupeGuamGuernseyGvajanaGvatemalaGvinejaGvineja-BissauHaitiHondurasHong KongHrva\u0161kaIndijaIndonezijaIrakIranIrskaIslandijaItalijaIzraelJamajkaJaponskaJemenJerseyJordanijaJu\u017ena AfrikaJu\u017ena Georgia in Ju\u017eni Sandwichevi otokiJu\u017ena KorejaJu\u017eni SudanKajmanski OtokiKambod\u017eaKamerunKanadaKatarKazahstanKenijaKirgizistanKiribatiKitajskaKokosovi otokiKolumbijaKomoriKongo (Brazzaville)Kongo (Kin\u0161asa)KostarikaKubaKuvajtLaosLatvijaLesotoLibanonLiberijaLibijaLiechtensteinLitvaLuksemburgMacaoMadagaskarMad\u017earskaMalaviMaldiviMalezijaMaliMaltaManj\u0161i zunanji otoki Zdru\u017eenih Dr\u017eav AmerikeMarokoMarshallovi otokiMartinikMavretanijaMavricijMayotteMehikaMikronezijaMjanmarMoldavijaMonakoMongolijaMontserratMozambikNamibijaNauruNem\u010dijaNepalNigerNigerijaNikaragvaNiueNizozemskaNorfol\u0161ki otokNorve\u0161kaNova KaledonijaNova ZelandijaOmanOtok BouvetOtok Heard in oto\u010dje McDonaldOtok ManOtoki Turks in CaicosOzemlje PalestinePakistanPanamaPapua Nova GvinejaParagvajPeruPitcairnovi otokiPoljskaPortorikoPortugalskaReunionRomunijaRuandaRusijaSaint Pierre in MiquelonSalomonovi OtokiSalvadorSamoaSan MarinoSavdska ArabijaSej\u0161eliSenegalSeverna KorejaSeverna MakedonijaSeverni Marijanski otokiSierra LeoneSingapurSirijaSlonoko\u0161\u010dena obalaSlova\u0161kaSlovenijaSomalijaSrbijaSrednjeafri\u0161ka republikaSudanSurinamSvalbard in Jan MayenSveta HelenaSveta LucijaSveti BartolomejSveti Kri\u0161tof in NevisSveti Martin (francoski del)Sveti Martin (nizozemski del)Sveti Toma\u017e in PrincSveti Vincencij in Grenadine\u0160panija\u0160rilanka\u0160vedska\u0160vicaTad\u017eikistanTajskaTajvanTanzanijaTogoTokelauTongaTrinidad in TobagoTunizijaTur\u010dijaTurkmenistanTuvaluUgandaUkrajinaUrugvajUzbekistanVanuatuVatikanVelika Britanija (UK)VenezuelaVietnamVzhodni TimorWallis in FutunaZahodna SaharaZambijaZdru\u017eene Dr\u017eave Amerike (ZDA)Zdru\u017eeni arabski emiratiZelenortski otokiZimbabve Mesto: Po\u0161tna \u0161tevilka: Posodobi Znesek 55,00&nbsp;&euro; Nadaljuj na zaklju\u010dek nakupa\" \/>\n<meta property=\"og:url\" content=\"https:\/\/avtoodpad-maribor.si\/cart\/\" \/>\n<meta property=\"og:site_name\" content=\"Avtokomplet Pintari\u010d\" \/>\n<meta property=\"article:modified_time\" content=\"2026-03-13T06:15:54+00:00\" \/>\n<meta property=\"og:image\" content=\"https:\/\/avtoodpad-maribor.si\/wp-content\/uploads\/2026\/02\/audi-a6-avant-2006-zadnji-amortizer-slika-41248600-300x300.jpg\" \/>\n<meta name=\"twitter:card\" content=\"summary_large_image\" \/>\n<meta name=\"twitter:label1\" content=\"Est. reading time\" \/>\n\t<meta name=\"twitter:data1\" content=\"3 minute\" \/>\n<script type=\"application\/ld+json\" class=\"yoast-schema-graph\">{\"@context\":\"https:\\\/\\\/schema.org\",\"@graph\":[{\"@type\":\"WebPage\",\"@id\":\"https:\\\/\\\/avtoodpad-maribor.si\\\/cart\\\/\",\"url\":\"https:\\\/\\\/avtoodpad-maribor.si\\\/cart\\\/\",\"name\":\"Cart - Avtokomplet Pintari\u010d\",\"isPartOf\":{\"@id\":\"https:\\\/\\\/avtoodpad-maribor.si\\\/#website\"},\"primaryImageOfPage\":{\"@id\":\"https:\\\/\\\/avtoodpad-maribor.si\\\/cart\\\/#primaryimage\"},\"image\":{\"@id\":\"https:\\\/\\\/avtoodpad-maribor.si\\\/cart\\\/#primaryimage\"},\"thumbnailUrl\":\"https:\\\/\\\/avtoodpad-maribor.si\\\/wp-content\\\/uploads\\\/2026\\\/02\\\/audi-a6-avant-2006-zadnji-amortizer-slika-41248600-300x300.jpg\",\"datePublished\":\"2025-06-23T05:08:09+00:00\",\"dateModified\":\"2026-03-13T06:15:54+00:00\",\"breadcrumb\":{\"@id\":\"https:\\\/\\\/avtoodpad-maribor.si\\\/cart\\\/#breadcrumb\"},\"inLanguage\":\"sl-SI\",\"potentialAction\":[{\"@type\":\"ReadAction\",\"target\":[\"https:\\\/\\\/avtoodpad-maribor.si\\\/cart\\\/\"]}]},{\"@type\":\"ImageObject\",\"inLanguage\":\"sl-SI\",\"@id\":\"https:\\\/\\\/avtoodpad-maribor.si\\\/cart\\\/#primaryimage\",\"url\":\"https:\\\/\\\/avtoodpad-maribor.si\\\/wp-content\\\/uploads\\\/2026\\\/02\\\/audi-a6-avant-2006-zadnji-amortizer-slika-41248600.jpg\",\"contentUrl\":\"https:\\\/\\\/avtoodpad-maribor.si\\\/wp-content\\\/uploads\\\/2026\\\/02\\\/audi-a6-avant-2006-zadnji-amortizer-slika-41248600.jpg\",\"width\":920,\"height\":690},{\"@type\":\"BreadcrumbList\",\"@id\":\"https:\\\/\\\/avtoodpad-maribor.si\\\/cart\\\/#breadcrumb\",\"itemListElement\":[{\"@type\":\"ListItem\",\"position\":1,\"name\":\"Home\",\"item\":\"https:\\\/\\\/avtoodpad-maribor.si\\\/\"},{\"@type\":\"ListItem\",\"position\":2,\"name\":\"Cart\"}]},{\"@type\":\"WebSite\",\"@id\":\"https:\\\/\\\/avtoodpad-maribor.si\\\/#website\",\"url\":\"https:\\\/\\\/avtoodpad-maribor.si\\\/\",\"name\":\"Avtokomplet Pintari\u010d\",\"description\":\"\",\"publisher\":{\"@id\":\"https:\\\/\\\/avtoodpad-maribor.si\\\/#organization\"},\"potentialAction\":[{\"@type\":\"SearchAction\",\"target\":{\"@type\":\"EntryPoint\",\"urlTemplate\":\"https:\\\/\\\/avtoodpad-maribor.si\\\/?s={search_term_string}\"},\"query-input\":{\"@type\":\"PropertyValueSpecification\",\"valueRequired\":true,\"valueName\":\"search_term_string\"}}],\"inLanguage\":\"sl-SI\"},{\"@type\":\"Organization\",\"@id\":\"https:\\\/\\\/avtoodpad-maribor.si\\\/#organization\",\"name\":\"Avtokomplet Pintari\u010d\",\"url\":\"https:\\\/\\\/avtoodpad-maribor.si\\\/\",\"logo\":{\"@type\":\"ImageObject\",\"inLanguage\":\"sl-SI\",\"@id\":\"https:\\\/\\\/avtoodpad-maribor.si\\\/#\\\/schema\\\/logo\\\/image\\\/\",\"url\":\"https:\\\/\\\/avtoodpad-maribor.si\\\/wp-content\\\/uploads\\\/2025\\\/06\\\/avtokomplet-logo-removebg-2png.png\",\"contentUrl\":\"https:\\\/\\\/avtoodpad-maribor.si\\\/wp-content\\\/uploads\\\/2025\\\/06\\\/avtokomplet-logo-removebg-2png.png\",\"width\":228,\"height\":100,\"caption\":\"Avtokomplet Pintari\u010d\"},\"image\":{\"@id\":\"https:\\\/\\\/avtoodpad-maribor.si\\\/#\\\/schema\\\/logo\\\/image\\\/\"}}]}<\/script>\n<!-- \/ Yoast SEO plugin. -->","yoast_head_json":{"title":"Cart - Avtokomplet Pintari\u010d","robots":{"index":"index","follow":"follow","max-snippet":"max-snippet:-1","max-image-preview":"max-image-preview:large","max-video-preview":"max-video-preview:-1"},"canonical":"https:\/\/avtoodpad-maribor.si\/cart\/","og_locale":"sl_SI","og_type":"article","og_title":"Cart - Avtokomplet Pintari\u010d","og_description":"&nbsp; Izdelek &nbsp; Cena Koli\u010dina Delni znesek &times; Audi A6 avant 2006 zadnji amortizer 25,00&nbsp;&euro; Audi A6 avant 2006 zadnji amortizer koli\u010dina 25,00&nbsp;&euro; Posodobi ko\u0161arico Uporabi kupon Skupaj Delni znesek 25,00&nbsp;&euro; Dostava Osnovna stopnja: 30,00&nbsp;&euro; Osebni prevzem Dostava na Slova\u0161ka. Spremeni naslov Dr\u017eava \/ regija Izberi dr\u017eavo \/ regijo&hellip;Afganistan\u00c5land IslandsAlbanijaAl\u017eirijaAmeri\u0161ka SamoaAndoraAngolaAngvilaAntarktikaAntigva in BarbudaArgentinaArmenijaArubaAvstralijaAvstrijaAzerbajd\u017eanBahamiBahrajnBanglade\u0161BarbadosBelauBelgijaBelizeBelorusijaBeninBermudiBocvanaBolgarijaBolivijaBonaire, Saint Eustatius in SabaBosna in HercegovinaBo\u017ei\u010dni otokBrazilijaBritanski Devi\u0161ki otokiBritansko ozemlje v Indijskem oceanuBrunejBurkina FasoBurundiButanCiperCookovi otokiCuracao\u010cad\u010ce\u0161ka Republika\u010cile\u010crna GoraDanskaDevi\u0161ki otoki Zdru\u017eenih dr\u017eavDjiboutiDominikaDominikanska republikaEgiptEkvadorEkvatorijalna GvinejaEritrejaEstonijaEswatiniEtiopijaFalklandski OtokiFerski OtokiFid\u017eiFilipiniFinskaFrancijaFrancoska GvajanaFrancoska ju\u017ena in antarkti\u010dna ozemljaFrancoska PolinezijaGabonGambijaGanaGibraltarGr\u010dijaGrenadaGrenlandijaGruzijaGuadeloupeGuamGuernseyGvajanaGvatemalaGvinejaGvineja-BissauHaitiHondurasHong KongHrva\u0161kaIndijaIndonezijaIrakIranIrskaIslandijaItalijaIzraelJamajkaJaponskaJemenJerseyJordanijaJu\u017ena AfrikaJu\u017ena Georgia in Ju\u017eni Sandwichevi otokiJu\u017ena KorejaJu\u017eni SudanKajmanski OtokiKambod\u017eaKamerunKanadaKatarKazahstanKenijaKirgizistanKiribatiKitajskaKokosovi otokiKolumbijaKomoriKongo (Brazzaville)Kongo (Kin\u0161asa)KostarikaKubaKuvajtLaosLatvijaLesotoLibanonLiberijaLibijaLiechtensteinLitvaLuksemburgMacaoMadagaskarMad\u017earskaMalaviMaldiviMalezijaMaliMaltaManj\u0161i zunanji otoki Zdru\u017eenih Dr\u017eav AmerikeMarokoMarshallovi otokiMartinikMavretanijaMavricijMayotteMehikaMikronezijaMjanmarMoldavijaMonakoMongolijaMontserratMozambikNamibijaNauruNem\u010dijaNepalNigerNigerijaNikaragvaNiueNizozemskaNorfol\u0161ki otokNorve\u0161kaNova KaledonijaNova ZelandijaOmanOtok BouvetOtok Heard in oto\u010dje McDonaldOtok ManOtoki Turks in CaicosOzemlje PalestinePakistanPanamaPapua Nova GvinejaParagvajPeruPitcairnovi otokiPoljskaPortorikoPortugalskaReunionRomunijaRuandaRusijaSaint Pierre in MiquelonSalomonovi OtokiSalvadorSamoaSan MarinoSavdska ArabijaSej\u0161eliSenegalSeverna KorejaSeverna MakedonijaSeverni Marijanski otokiSierra LeoneSingapurSirijaSlonoko\u0161\u010dena obalaSlova\u0161kaSlovenijaSomalijaSrbijaSrednjeafri\u0161ka republikaSudanSurinamSvalbard in Jan MayenSveta HelenaSveta LucijaSveti BartolomejSveti Kri\u0161tof in NevisSveti Martin (francoski del)Sveti Martin (nizozemski del)Sveti Toma\u017e in PrincSveti Vincencij in Grenadine\u0160panija\u0160rilanka\u0160vedska\u0160vicaTad\u017eikistanTajskaTajvanTanzanijaTogoTokelauTongaTrinidad in TobagoTunizijaTur\u010dijaTurkmenistanTuvaluUgandaUkrajinaUrugvajUzbekistanVanuatuVatikanVelika Britanija (UK)VenezuelaVietnamVzhodni TimorWallis in FutunaZahodna SaharaZambijaZdru\u017eene Dr\u017eave Amerike (ZDA)Zdru\u017eeni arabski emiratiZelenortski otokiZimbabve Mesto: Po\u0161tna \u0161tevilka: Posodobi Znesek 55,00&nbsp;&euro; Nadaljuj na zaklju\u010dek nakupa","og_url":"https:\/\/avtoodpad-maribor.si\/cart\/","og_site_name":"Avtokomplet Pintari\u010d","article_modified_time":"2026-03-13T06:15:54+00:00","og_image":[{"url":"https:\/\/avtoodpad-maribor.si\/wp-content\/uploads\/2026\/02\/audi-a6-avant-2006-zadnji-amortizer-slika-41248600-300x300.jpg","type":"","width":"","height":""}],"twitter_card":"summary_large_image","twitter_misc":{"Est. reading time":"3 minute"},"schema":{"@context":"https:\/\/schema.org","@graph":[{"@type":"WebPage","@id":"https:\/\/avtoodpad-maribor.si\/cart\/","url":"https:\/\/avtoodpad-maribor.si\/cart\/","name":"Cart - Avtokomplet Pintari\u010d","isPartOf":{"@id":"https:\/\/avtoodpad-maribor.si\/#website"},"primaryImageOfPage":{"@id":"https:\/\/avtoodpad-maribor.si\/cart\/#primaryimage"},"image":{"@id":"https:\/\/avtoodpad-maribor.si\/cart\/#primaryimage"},"thumbnailUrl":"https:\/\/avtoodpad-maribor.si\/wp-content\/uploads\/2026\/02\/audi-a6-avant-2006-zadnji-amortizer-slika-41248600-300x300.jpg","datePublished":"2025-06-23T05:08:09+00:00","dateModified":"2026-03-13T06:15:54+00:00","breadcrumb":{"@id":"https:\/\/avtoodpad-maribor.si\/cart\/#breadcrumb"},"inLanguage":"sl-SI","potentialAction":[{"@type":"ReadAction","target":["https:\/\/avtoodpad-maribor.si\/cart\/"]}]},{"@type":"ImageObject","inLanguage":"sl-SI","@id":"https:\/\/avtoodpad-maribor.si\/cart\/#primaryimage","url":"https:\/\/avtoodpad-maribor.si\/wp-content\/uploads\/2026\/02\/audi-a6-avant-2006-zadnji-amortizer-slika-41248600.jpg","contentUrl":"https:\/\/avtoodpad-maribor.si\/wp-content\/uploads\/2026\/02\/audi-a6-avant-2006-zadnji-amortizer-slika-41248600.jpg","width":920,"height":690},{"@type":"BreadcrumbList","@id":"https:\/\/avtoodpad-maribor.si\/cart\/#breadcrumb","itemListElement":[{"@type":"ListItem","position":1,"name":"Home","item":"https:\/\/avtoodpad-maribor.si\/"},{"@type":"ListItem","position":2,"name":"Cart"}]},{"@type":"WebSite","@id":"https:\/\/avtoodpad-maribor.si\/#website","url":"https:\/\/avtoodpad-maribor.si\/","name":"Avtokomplet Pintari\u010d","description":"","publisher":{"@id":"https:\/\/avtoodpad-maribor.si\/#organization"},"potentialAction":[{"@type":"SearchAction","target":{"@type":"EntryPoint","urlTemplate":"https:\/\/avtoodpad-maribor.si\/?s={search_term_string}"},"query-input":{"@type":"PropertyValueSpecification","valueRequired":true,"valueName":"search_term_string"}}],"inLanguage":"sl-SI"},{"@type":"Organization","@id":"https:\/\/avtoodpad-maribor.si\/#organization","name":"Avtokomplet Pintari\u010d","url":"https:\/\/avtoodpad-maribor.si\/","logo":{"@type":"ImageObject","inLanguage":"sl-SI","@id":"https:\/\/avtoodpad-maribor.si\/#\/schema\/logo\/image\/","url":"https:\/\/avtoodpad-maribor.si\/wp-content\/uploads\/2025\/06\/avtokomplet-logo-removebg-2png.png","contentUrl":"https:\/\/avtoodpad-maribor.si\/wp-content\/uploads\/2025\/06\/avtokomplet-logo-removebg-2png.png","width":228,"height":100,"caption":"Avtokomplet Pintari\u010d"},"image":{"@id":"https:\/\/avtoodpad-maribor.si\/#\/schema\/logo\/image\/"}}]}},"jetpack_sharing_enabled":true,"_links":{"self":[{"href":"https:\/\/avtoodpad-maribor.si\/wp-json\/wp\/v2\/pages\/85","targetHints":{"allow":["GET"]}}],"collection":[{"href":"https:\/\/avtoodpad-maribor.si\/wp-json\/wp\/v2\/pages"}],"about":[{"href":"https:\/\/avtoodpad-maribor.si\/wp-json\/wp\/v2\/types\/page"}],"author":[{"embeddable":true,"href":"https:\/\/avtoodpad-maribor.si\/wp-json\/wp\/v2\/users\/1"}],"replies":[{"embeddable":true,"href":"https:\/\/avtoodpad-maribor.si\/wp-json\/wp\/v2\/comments?post=85"}],"version-history":[{"count":7,"href":"https:\/\/avtoodpad-maribor.si\/wp-json\/wp\/v2\/pages\/85\/revisions"}],"predecessor-version":[{"id":42242,"href":"https:\/\/avtoodpad-maribor.si\/wp-json\/wp\/v2\/pages\/85\/revisions\/42242"}],"wp:attachment":[{"href":"https:\/\/avtoodpad-maribor.si\/wp-json\/wp\/v2\/media?parent=85"}],"curies":[{"name":"wp","href":"https:\/\/api.w.org\/{rel}","templated":true}]}}